{"id":85,"date":"2018-04-14T14:55:23","date_gmt":"2018-04-14T14:55:23","guid":{"rendered":"http:\/\/www.ysn.at\/?page_id=85"},"modified":"2020-02-29T16:52:24","modified_gmt":"2020-02-29T15:52:24","slug":"unsere-geschichte","status":"publish","type":"page","link":"https:\/\/www.ysn.at\/?page_id=85","title":{"rendered":"Aufgaben und Ziele"},"content":{"rendered":"<h4><\/h4>\n<h3 style=\"text-align: center;\"><span style=\"color: #ff0000;\"><strong>Einander besser kennenlernen, gemeinsam etwas unternehmen und <\/strong><\/span><\/h3>\n<h3 style=\"text-align: center;\"><span style=\"color: #ff0000;\"><strong>in gewissem Ausma\u00df auch f\u00fcr einander da zu sein.<\/strong><\/span><\/h3>\n<h4><span style=\"color: #ffffff;\">X<\/span><\/h4>\n<h4>Dies meint <strong><span style=\"color: #339966;\">gemeinsame Aktivit\u00e4ten<\/span> <\/strong>wie etwa gemeinsame Segelt\u00f6rns, An und Absegeln, bei Regatten von befreundeten <a style=\"text-decoration: none; color: #333;\" href=\"https:\/\/chiefessays.net\/spanish-homework-help\/\">Clubs <\/a> mitmischen, Heurigenbesuche, Radausfl\u00fcge&#8230;<\/h4>\n<h4><span style=\"color: #ffffff;\">X<\/span><\/h4>\n<h4>Auch Angebote f\u00fcr <span style=\"color: #339966;\"><strong>gemeinsame kulturelle Aktivit\u00e4ten<\/strong><\/span> geh\u00f6ren dazu sowie das Bem\u00fchen des Vereins um <strong><span style=\"color: #339966;\">Verg\u00fcnstigungen f\u00fcr<\/span><\/strong> seine <strong><span style=\"color: #339966;\">Mitglieder<\/span> <\/strong>bei Anschaffungen oder Instandhaltungsarbeiten.<\/h4>\n<h4><span style=\"color: #ffffff;\">X<\/span><\/h4>\n<h4>Und nicht zuletzt verstehen wir darunter <strong><span style=\"color: #339966;\">bei Abwesenheit der Nachbarn<\/span><\/strong> einen <strong><span style=\"color: #339966;\">Blick auf deren Boote und Stege<\/span><\/strong> zu werfen, ob etwa nach einem Sturm auch noch alles in Ordnung und an seinem Platz ist&#8230;.<\/h4>\n<h4><span style=\"color: #ffffff;\">X<\/span><\/h4>\n<h4>Ja und <strong><span style=\"color: #339966;\">das vielleicht Wichtigste:<\/span> <\/strong>Gemeinsam darauf zu schauen, dass die Anlage in einem guten Zustand erhalten bleibt, sowie die Abrechnungen kritisch anzusehen, sie gegebenenfalls auch zu hinterfragen und bei eventuell aufkommenden Problemen mit der Verwaltung rasch einen Konsens zu finden.<\/h4>\n<p>&nbsp;<\/p>\n<h3 style=\"text-align: center;\"><strong><span style=\"color: #3366ff;\">Verankert in den Statuten \u00a72. &#8220;Zweck des Vereins&#8221;<\/span><\/strong><\/h3>\n<h5><em>Der Verein, dessen T\u00e4tigkeit nicht auf Gewinn gerichtet ist und nicht parteipolitisch agiert, bezweckt Initiativen zu setzen, die den Kabaneneigent\u00fcmern im Segelhafen \u201eSeeg\u00e4rten\u201c dienlich sind. Der Verein vertritt als \u201eRechtsperson\u201c die Interessen nach innen, wie die Organisation von gesellschaftlichen und sportlichen Aktivit\u00e4ten, und nach au\u00dfen gegen\u00fcber den Eigent\u00fcmern des Segelhafen &#8211; Areals und der&nbsp; Verwaltung (Segelhafen \u201eSeeg\u00e4rten\u201c Verwaltungs- und Betriebs-GmbH in Neusiedl am See), den Beh\u00f6rden und deren Einrichtungen \u00f6ffentlichen Rechtes.<\/em><\/h5>\n","protected":false},"excerpt":{"rendered":"<p>Einander besser kennenlernen, gemeinsam etwas unternehmen und in gewissem Ausma\u00df auch f\u00fcr einander da zu sein. X Dies meint gemeinsame Aktivit\u00e4ten wie etwa gemeinsame Segelt\u00f6rns, An und Absegeln, bei Regatten von befreundeten Clubs mitmischen, Heurigenbesuche, Radausfl\u00fcge&#8230; X Auch Angebote f\u00fcr gemeinsame kulturelle Aktivit\u00e4ten geh\u00f6ren dazu sowie das Bem\u00fchen des Vereins um Verg\u00fcnstigungen f\u00fcr seine Mitglieder &#8230; <a href=\"https:\/\/www.ysn.at\/?page_id=85\" class=\"more-link\">Read More<span class=\"screen-reader-text\"> &#8220;Aufgaben und Ziele&#8221;<\/span> &raquo;<\/a><\/p>\n","protected":false},"author":1,"featured_media":0,"parent":0,"menu_order":0,"comment_status":"closed","ping_status":"closed","template":"template_parts\/page_landing_text.php","meta":[],"_links":{"self":[{"href":"https:\/\/www.ysn.at\/index.php?rest_route=\/wp\/v2\/pages\/85"}],"collection":[{"href":"https:\/\/www.ysn.at\/index.php?rest_route=\/wp\/v2\/pages"}],"about":[{"href":"https:\/\/www.ysn.at\/index.php?rest_route=\/wp\/v2\/types\/page"}],"author":[{"embeddable":true,"href":"https:\/\/www.ysn.at\/index.php?rest_route=\/wp\/v2\/users\/1"}],"replies":[{"embeddable":true,"href":"https:\/\/www.ysn.at\/index.php?rest_route=%2Fwp%2Fv2%2Fcomments&post=85"}],"version-history":[{"count":28,"href":"https:\/\/www.ysn.at\/index.php?rest_route=\/wp\/v2\/pages\/85\/revisions"}],"predecessor-version":[{"id":3953,"href":"https:\/\/www.ysn.at\/index.php?rest_route=\/wp\/v2\/pages\/85\/revisions\/3953"}],"wp:attachment":[{"href":"https:\/\/www.ysn.at\/index.php?rest_route=%2Fwp%2Fv2%2Fmedia&parent=85"}],"curies":[{"name":"wp","href":"https:\/\/api.w.org\/{rel}","templated":true}]}}