{"id":692,"date":"2018-08-16T15:39:10","date_gmt":"2018-08-16T15:39:10","guid":{"rendered":"http:\/\/www.ysn.at\/?page_id=692"},"modified":"2024-06-16T21:51:49","modified_gmt":"2024-06-16T20:51:49","slug":"vorstand","status":"publish","type":"page","link":"https:\/\/www.ysn.at\/?page_id=692","title":{"rendered":"Vorstand"},"content":{"rendered":"<h2><span style=\"color: #ff0000;\">Der Vorstand des Vereins<\/span><\/h2>\n<table style=\"height: 282px;\" width=\"649\">\n<tbody>\n<tr>\n<td><strong>Obmann : <\/strong><\/td>\n<td>Dr. Reinhard B\u00f6ck<\/td>\n<\/tr>\n<tr>\n<td><strong>Obmann Stv. :<\/strong><\/td>\n<td>Ing. Hniliczka Karl-Anton<\/td>\n<\/tr>\n<tr>\n<td><strong>Schriftf\u00fchrer :<\/strong><\/td>\n<td>Heide Maria M\u00f6rk<\/td>\n<\/tr>\n<tr>\n<td><strong>Schriftf\u00fchrer Stv. :<\/strong><\/td>\n<td>Simon B\u00f6ck<\/td>\n<\/tr>\n<tr>\n<td><strong>Finanzen :<\/strong><\/td>\n<td>Margit Vogelsberg<\/td>\n<\/tr>\n<tr>\n<td><strong>Finanzen <b>Stv<\/b>.:<\/strong><\/td>\n<td>Rudolf Stelzhammer<\/td>\n<\/tr>\n<tr>\n<td><strong>Veranstaltungen :<\/strong><\/td>\n<td>Ingrid Sack-Maringer<\/td>\n<\/tr>\n<tr>\n<td><strong>Kultur<\/strong> :<\/td>\n<td>Margit Vogelsberg<\/td>\n<\/tr>\n<\/tbody>\n<\/table>\n","protected":false},"excerpt":{"rendered":"<p>Der Vorstand des Vereins Obmann : Dr. Reinhard B\u00f6ck Obmann Stv. : Ing. Hniliczka Karl-Anton Schriftf\u00fchrer : Heide Maria M\u00f6rk Schriftf\u00fchrer Stv. : Simon B\u00f6ck Finanzen : Margit Vogelsberg Finanzen Stv.: Rudolf Stelzhammer Veranstaltungen : Ingrid Sack-Maringer Kultur : Margit Vogelsberg<\/p>\n","protected":false},"author":3,"featured_media":0,"parent":0,"menu_order":0,"comment_status":"closed","ping_status":"closed","template":"","meta":[],"_links":{"self":[{"href":"https:\/\/www.ysn.at\/index.php?rest_route=\/wp\/v2\/pages\/692"}],"collection":[{"href":"https:\/\/www.ysn.at\/index.php?rest_route=\/wp\/v2\/pages"}],"about":[{"href":"https:\/\/www.ysn.at\/index.php?rest_route=\/wp\/v2\/types\/page"}],"author":[{"embeddable":true,"href":"https:\/\/www.ysn.at\/index.php?rest_route=\/wp\/v2\/users\/3"}],"replies":[{"embeddable":true,"href":"https:\/\/www.ysn.at\/index.php?rest_route=%2Fwp%2Fv2%2Fcomments&post=692"}],"version-history":[{"count":13,"href":"https:\/\/www.ysn.at\/index.php?rest_route=\/wp\/v2\/pages\/692\/revisions"}],"predecessor-version":[{"id":6156,"href":"https:\/\/www.ysn.at\/index.php?rest_route=\/wp\/v2\/pages\/692\/revisions\/6156"}],"wp:attachment":[{"href":"https:\/\/www.ysn.at\/index.php?rest_route=%2Fwp%2Fv2%2Fmedia&parent=692"}],"curies":[{"name":"wp","href":"https:\/\/api.w.org\/{rel}","templated":true}]}}