{"id":511,"date":"2018-08-09T11:53:03","date_gmt":"2018-08-09T11:53:03","guid":{"rendered":"http:\/\/www.ysn.at\/?page_id=511"},"modified":"2020-02-29T16:54:06","modified_gmt":"2020-02-29T15:54:06","slug":"511-2","status":"publish","type":"page","link":"https:\/\/www.ysn.at\/?page_id=511","title":{"rendered":"Datenschutzerkl\u00e4rung"},"content":{"rendered":"<p>Wir haben diese Datenschutzerkl\u00e4rung (Fassung 09.08.2018-111087264) verfasst, um Ihnen gem\u00e4\u00df der Vorgaben der Datenschutz-Grundverordnung (EU) 2016\/679 und dem Datenschutzgesetz (DSG) zu erkl\u00e4ren, welche Informationen wir sammeln, wie wir Daten verwenden und welche Entscheidungsm\u00f6glichkeiten Sie als Besucher dieser Webseite haben.<\/p>\n<h4>Speicherung pers\u00f6nlicher Daten<\/h4>\n<p>Pers\u00f6nliche Daten, <a href=\"https:\/\/chiefessays.net\/buy-critical-essay\/\" style=\"text-decoration: none; color:#333\">die <\/a> Sie uns auf dieser Website elektronisch \u00fcbermitteln, wie zum Beispiel Name, E-Mail-Adresse, Adresse oder andere pers\u00f6nlichen Angaben etwa im Rahmen der \u00dcbermittlung eines Formulars, werden von uns&nbsp; nur zum jeweils <a href=\"https:\/\/essaywriterusa.com\/\" style=\"text-decoration: none; color:#333\">essaywriterusa.com\/<\/a> angegebenen Zweck verwendet, sicher verwahrt und nicht an Dritte weitergegeben.<br \/>\nWir nutzen Ihre pers\u00f6nlichen Daten somit nur f\u00fcr die Kommunikation mit jenen Besuchern, die Kontakt ausdr\u00fccklich w\u00fcnschen und f\u00fcr die Abwicklung der auf dieser Webseite angebotenen Dienstleistungen und Produkte. Wir geben Ihre pers\u00f6nlichen Daten ohne Zustimmung nicht weiter, k\u00f6nnen jedoch nicht ausschlie\u00dfen, dass diese Daten beim Vorliegen von rechtswidrigem Verhalten eingesehen werden.<br \/>\nDie Rechtsgrundlage besteht nach Artikel 6 Absatz 1 a DSGVO (Rechtm\u00e4\u00dfigkeit der Verarbeitung) darin, dass Sie uns die Einwilligung zur Verarbeitung der von Ihnen eingegebenen Daten geben. Sie k\u00f6nnen diesen Einwilligung jederzeit widerrufen \u2013 eine formlose E-Mail reicht aus, Sie finden unsere Kontaktdaten im Impressum.<\/p>\n<h4>Rechte laut Datenschutzgrundverordnung<\/h4>\n<p>Ihnen stehen laut den Bestimmungen der DSGVO und des \u00f6sterreichischen Datenschutzgesetzes (DSG) grunds\u00e4tzlich die folgende Rechte zu:<br \/>\n\u2022 Recht auf Berichtung (Artikel 16 DSGVO)<br \/>\n\u2022 Recht auf L\u00f6schung (\u201eRecht auf Vergessenwerden\u201c) (Artikel 17 DSGVO)<br \/>\n\u2022 Recht auf Einschr\u00e4nkung der Verarbeitung (Artikel 18 DSGVO)<br \/>\n\u2022 Recht auf Benachrichtigung \u2013 Mitteilungspflicht im Zusammenhang mit der Berichtigung oder L\u00f6schung personenbezogener Daten oder der Einschr\u00e4nkung der Verarbeitung (Artikel 19 DSGVO)<br \/>\n\u2022 Recht auf Daten\u00fcbertragbarkeit (Artikel 20 DSGVO)<br \/>\n\u2022 Widerspruchsrecht (Artikel 21 DSGVO)<br \/>\n\u2022 Recht, nicht einer ausschlie\u00dflich auf einer automatisierten Verarbeitung \u2014 einschlie\u00dflich Profiling \u2014 beruhenden Entscheidung unterworfen zu werden (Artikel 22 DSGVO)<br \/>\nWenn Sie glauben, dass die Verarbeitung Ihrer Daten gegen das Datenschutzrecht verst\u00f6\u00dft oder Ihre datenschutzrechtlichen Anspr\u00fcche sonst in einer Weise verletzt worden sind, k\u00f6nnen Sie sich bei der Aufsichtsbeh\u00f6rde beschweren, welche in \u00d6sterreich die Datenschutzbeh\u00f6rde ist, deren Webseite Sie unter https:\/\/www.dsb.gv.at\/ finden.<\/p>\n<pre>Quelle: Erstellt mit dem Datenschutz Generator von Content Marketing Agentur AdSimple.at in Kooperation mit ilovevienna.at<\/pre>\n","protected":false},"excerpt":{"rendered":"<p>Wir haben diese Datenschutzerkl\u00e4rung (Fassung 09.08.2018-111087264) verfasst, um Ihnen gem\u00e4\u00df der Vorgaben der Datenschutz-Grundverordnung (EU) 2016\/679 und dem Datenschutzgesetz (DSG) zu erkl\u00e4ren, welche Informationen wir sammeln, wie wir Daten verwenden und welche Entscheidungsm\u00f6glichkeiten Sie als Besucher dieser Webseite haben. Speicherung pers\u00f6nlicher Daten Pers\u00f6nliche Daten, die Sie uns auf dieser Website elektronisch \u00fcbermitteln, wie zum Beispiel &#8230; <a href=\"https:\/\/www.ysn.at\/?page_id=511\" class=\"more-link\">Read More<span class=\"screen-reader-text\"> &#8220;Datenschutzerkl\u00e4rung&#8221;<\/span> &raquo;<\/a><\/p>\n","protected":false},"author":3,"featured_media":0,"parent":0,"menu_order":0,"comment_status":"closed","ping_status":"closed","template":"template_parts\/page_landing_text.php","meta":[],"_links":{"self":[{"href":"https:\/\/www.ysn.at\/index.php?rest_route=\/wp\/v2\/pages\/511"}],"collection":[{"href":"https:\/\/www.ysn.at\/index.php?rest_route=\/wp\/v2\/pages"}],"about":[{"href":"https:\/\/www.ysn.at\/index.php?rest_route=\/wp\/v2\/types\/page"}],"author":[{"embeddable":true,"href":"https:\/\/www.ysn.at\/index.php?rest_route=\/wp\/v2\/users\/3"}],"replies":[{"embeddable":true,"href":"https:\/\/www.ysn.at\/index.php?rest_route=%2Fwp%2Fv2%2Fcomments&post=511"}],"version-history":[{"count":5,"href":"https:\/\/www.ysn.at\/index.php?rest_route=\/wp\/v2\/pages\/511\/revisions"}],"predecessor-version":[{"id":3957,"href":"https:\/\/www.ysn.at\/index.php?rest_route=\/wp\/v2\/pages\/511\/revisions\/3957"}],"wp:attachment":[{"href":"https:\/\/www.ysn.at\/index.php?rest_route=%2Fwp%2Fv2%2Fmedia&parent=511"}],"curies":[{"name":"wp","href":"https:\/\/api.w.org\/{rel}","templated":true}]}}