{"id":2309,"date":"2018-12-12T14:25:50","date_gmt":"2018-12-12T14:25:50","guid":{"rendered":"http:\/\/www.ysn.at\/?page_id=2309"},"modified":"2021-05-28T14:59:08","modified_gmt":"2021-05-28T13:59:08","slug":"verguenstigungen","status":"publish","type":"page","link":"https:\/\/www.ysn.at\/?page_id=2309","title":{"rendered":"Verg\u00fcnstigungen"},"content":{"rendered":"<div><\/div>\n<div>\n<h4>Verg\u00fcnstigungen bei Vorlage der Mitgliedskarte erhaltet ihr bei folgenden Firmen\/Unternehmen:<\/h4>\n<p><br class=\"\" \/><a style=\"display: inline-block;\" href=\"https:\/\/www.maletschek.at\/\">Maletschek Nautics<\/a>\u00a0 (5% Erm\u00e4\u00dfigung auf Material und Arbeit)<br class=\"\" \/><strong>Update<\/strong>: Maleschteck hat wieder normalen Betrieb<\/p>\n<p><a href=\"http:\/\/www.wolfsails.at\/\" data-saferedirecturl=\"https:\/\/www.google.com\/url?q=http:\/\/www.wolfsails.at&amp;source=gmail&amp;ust=1622296187043000&amp;usg=AFQjCNFAAJT561MiWKqNXQJociq9wT3QYA\">www.wolfsails.at<\/a>\u00a0 Christian Romero bietet uns vom Club:\u00a0 Beratung, Segel und Zubeh\u00f6r zu entgegenkommenden Preisen<\/p>\n<p style=\"font-weight: 400;\">\n<a style=\"display: inline-block;\" href=\"http:\/\/www.sail.at\">Segelschule Kreindl Weiden am See<\/a>\u00a0 (\u20ac 15.- Verg\u00fcnstigung bei jeder Kursbuchung)<br class=\"\" \/><br \/>\n<a style=\"display: inline-block;\" href=\"https:\/\/www.spielwarenheinz.at\/\">Heinz Spielwaren<\/a> Filiale Neusiedl (5% Erm\u00e4\u00dfigung)<\/p>\n<\/div>\n<div><\/div>\n","protected":false},"excerpt":{"rendered":"<p>Verg\u00fcnstigungen bei Vorlage der Mitgliedskarte erhaltet ihr bei folgenden Firmen\/Unternehmen: Maletschek Nautics\u00a0 (5% Erm\u00e4\u00dfigung auf Material und Arbeit)Update: Maleschteck hat wieder normalen Betrieb www.wolfsails.at\u00a0 Christian Romero bietet uns vom Club:\u00a0 Beratung, Segel und Zubeh\u00f6r zu entgegenkommenden Preisen Segelschule Kreindl Weiden am See\u00a0 (\u20ac 15.- Verg\u00fcnstigung bei jeder Kursbuchung) Heinz Spielwaren Filiale Neusiedl (5% Erm\u00e4\u00dfigung)<\/p>\n","protected":false},"author":3,"featured_media":0,"parent":0,"menu_order":0,"comment_status":"closed","ping_status":"closed","template":"","meta":[],"_links":{"self":[{"href":"https:\/\/www.ysn.at\/index.php?rest_route=\/wp\/v2\/pages\/2309"}],"collection":[{"href":"https:\/\/www.ysn.at\/index.php?rest_route=\/wp\/v2\/pages"}],"about":[{"href":"https:\/\/www.ysn.at\/index.php?rest_route=\/wp\/v2\/types\/page"}],"author":[{"embeddable":true,"href":"https:\/\/www.ysn.at\/index.php?rest_route=\/wp\/v2\/users\/3"}],"replies":[{"embeddable":true,"href":"https:\/\/www.ysn.at\/index.php?rest_route=%2Fwp%2Fv2%2Fcomments&post=2309"}],"version-history":[{"count":8,"href":"https:\/\/www.ysn.at\/index.php?rest_route=\/wp\/v2\/pages\/2309\/revisions"}],"predecessor-version":[{"id":4896,"href":"https:\/\/www.ysn.at\/index.php?rest_route=\/wp\/v2\/pages\/2309\/revisions\/4896"}],"wp:attachment":[{"href":"https:\/\/www.ysn.at\/index.php?rest_route=%2Fwp%2Fv2%2Fmedia&parent=2309"}],"curies":[{"name":"wp","href":"https:\/\/api.w.org\/{rel}","templated":true}]}}