{"id":141,"date":"2018-04-14T17:47:42","date_gmt":"2018-04-14T17:47:42","guid":{"rendered":"http:\/\/www.ysn.at\/?page_id=141"},"modified":"2025-06-01T11:33:17","modified_gmt":"2025-06-01T10:33:17","slug":"unser-basar","status":"publish","type":"page","link":"https:\/\/www.ysn.at\/?page_id=141","title":{"rendered":"Basar"},"content":{"rendered":"<div class=\"section\">\n<div class=\"layoutArea\">\n<div class=\"column\">\n<p>Hier finden sich aktuelle Angebote und Nachfragen unserer Mitglieder.<\/p>\n<\/div>\n<\/div>\n<\/div>\n\n\n<p class=\"has-text-align-center has-large-font-size\"><strong>Instrumentenkonsole aus GFK<\/strong><\/p>\n\n\n\n<p>Zur Aufnahme von 2 Standardinstrumenten wie z.B. Wind\/Logge\/Lot\/Temperatur sowie einen 7\u201c Kartenplotter \u2013 siehe Foto wie von mir verwendet<\/p>\n\n\n\n<p>Abmessungen: B x H x T: &nbsp; 53 x 19 x 13 cm<\/p>\n\n\n\n<p>Geeignet zur Montage z.B. vor dem Kaj\u00fcte-Niedergang<\/p>\n\n\n\n<p>Umfang:<br>A) Leere Konsole (ohne Instrumente, NMEA-Verkabelung und Stromversorgung)<br>B) Extra: Stromversorgungsbox zum Unterbau&nbsp; auf Instrumentenkonsole 14,8V \/ 10Ah \/ 140 Wh (LiIon) &#8211; reicht f\u00fcr ca. 6h Betrieb (nicht erforderlich, falls Bordnetz mit 12 \u2013 18V vorhanden)<\/p>\n\n\n\n<p>Preisidee nur A: 80,-<\/p>\n\n\n\n<p>Preisidee nur B: 80,-<\/p>\n\n\n\n<figure class=\"wp-block-image is-resized\"><img decoding=\"async\" loading=\"lazy\" src=\"https:\/\/lh7-rt.googleusercontent.com\/docsz\/AD_4nXfXpi6SxfTIeDuvLSeC7RXkUEKxR5SprdJ1qGVs40MWBSxYNNlVlX229NVrgsZws071b8mE52MMuK8VaqNFatbWHhC79XKCsWSA-ctI7HFahpmPrjF1VovAQp_7QVck7ZTh1Rjvz12adQFTsEYi6g?key=1aPfR94fflEqaPmh69hXqmME\" alt=\"Ein Bild, das Im Haus, Wand, Elektronisches Ger\u00e4t, Ger\u00e4t enth\u00e4lt.\n\nKI-generierte Inhalte k\u00f6nnen fehlerhaft sein.\" width=\"640\" height=\"480\"\/><figcaption class=\"wp-element-caption\"><strong>Leere Konsole<\/strong><\/figcaption><\/figure>\n\n\n\n<figure class=\"wp-block-image\"><img decoding=\"async\" src=\"https:\/\/lh7-rt.googleusercontent.com\/docsz\/AD_4nXebBCzKsvHNb8L6HsyPfbrO7iUPDwXRLoSbZ9AD2fZCpWO94-J1vSZPgd3l9FhaXS-KmdqcUiRRLvbI_TbbRnY39F0h5aLQHaQsISh24wVBFcTmppjQdgZULMoEUbcRJ46cxRzWdSUOWBx-jvBGTa8?key=1aPfR94fflEqaPmh69hXqmME\" alt=\"\"\/><figcaption class=\"wp-element-caption\"><strong>Beispiel mit Instrumenten und Stromversorgung<\/strong><\/figcaption><\/figure>\n\n\n\n<figure class=\"wp-block-image\"><img decoding=\"async\" src=\"https:\/\/lh7-rt.googleusercontent.com\/docsz\/AD_4nXdn0Lclve4ysSoR9bHangd4jCjcvZVinlgXQRX1EjkdkZMIHryadJYW4_3YMQhhtmQH77NbRRkMMKgpDU5J10Jv0v5-yD_sjtyjP2RwLdbE1vGf75tmpmLQZOUO2E09iqv9j6sDR8BFTGD02xF7yPY?key=1aPfR94fflEqaPmh69hXqmME\" alt=\"Ein Bild, das Schiff, drau\u00dfen, Boot, Platane Flugzeug Hobel enth\u00e4lt.\n\nKI-generierte Inhalte k\u00f6nnen fehlerhaft sein.\"\/><figcaption class=\"wp-element-caption\"><strong>Aufgebaut auf einer Ultimate U20<\/strong><\/figcaption><\/figure>\n\n\n\n<p>M. W\u00f6rg\u00f6tter 0664-1537366<\/p>\n\n\n\n<p><strong>Gew\u00fcnschte Eintr\u00e4ge Eintr\u00e4ge an <a href=\"mailto:webmaster@ysn.at\">webmaster<\/a> senden &#8211; sie werden umgehend publiziert.<\/strong><\/p>\n","protected":false},"excerpt":{"rendered":"<p>Hier finden sich aktuelle Angebote und Nachfragen unserer Mitglieder. Instrumentenkonsole aus GFK Zur Aufnahme von 2 Standardinstrumenten wie z.B. Wind\/Logge\/Lot\/Temperatur sowie einen 7\u201c Kartenplotter \u2013 siehe Foto wie von mir verwendet Abmessungen: B x H x T: &nbsp; 53 x 19 x 13 cm Geeignet zur Montage z.B. vor dem Kaj\u00fcte-Niedergang Umfang:A) Leere Konsole (ohne &#8230; <a href=\"https:\/\/www.ysn.at\/?page_id=141\" class=\"more-link\">Read More<span class=\"screen-reader-text\"> &#8220;Basar&#8221;<\/span> &raquo;<\/a><\/p>\n","protected":false},"author":1,"featured_media":0,"parent":0,"menu_order":0,"comment_status":"closed","ping_status":"closed","template":"","meta":[],"_links":{"self":[{"href":"https:\/\/www.ysn.at\/index.php?rest_route=\/wp\/v2\/pages\/141"}],"collection":[{"href":"https:\/\/www.ysn.at\/index.php?rest_route=\/wp\/v2\/pages"}],"about":[{"href":"https:\/\/www.ysn.at\/index.php?rest_route=\/wp\/v2\/types\/page"}],"author":[{"embeddable":true,"href":"https:\/\/www.ysn.at\/index.php?rest_route=\/wp\/v2\/users\/1"}],"replies":[{"embeddable":true,"href":"https:\/\/www.ysn.at\/index.php?rest_route=%2Fwp%2Fv2%2Fcomments&post=141"}],"version-history":[{"count":81,"href":"https:\/\/www.ysn.at\/index.php?rest_route=\/wp\/v2\/pages\/141\/revisions"}],"predecessor-version":[{"id":6237,"href":"https:\/\/www.ysn.at\/index.php?rest_route=\/wp\/v2\/pages\/141\/revisions\/6237"}],"wp:attachment":[{"href":"https:\/\/www.ysn.at\/index.php?rest_route=%2Fwp%2Fv2%2Fmedia&parent=141"}],"curies":[{"name":"wp","href":"https:\/\/api.w.org\/{rel}","templated":true}]}}